{"id":30042,"date":"2024-11-06T10:28:55","date_gmt":"2024-11-06T09:28:55","guid":{"rendered":"https:\/\/sandbox05.aegide-international.com\/?page_id=30042"},"modified":"2025-03-27T15:27:40","modified_gmt":"2025-03-27T14:27:40","slug":"mentions-legales","status":"publish","type":"page","link":"https:\/\/fresque-culture-securite.fr\/en\/mentions-legales\/","title":{"rendered":"Legal"},"content":{"rendered":"<div data-elementor-type=\"wp-page\" data-elementor-id=\"30042\" class=\"elementor elementor-30042\" data-elementor-post-type=\"page\">\n\t\t\t\t<div class=\"elementor-element elementor-element-7f8580c e-flex e-con-boxed e-con e-parent\" data-id=\"7f8580c\" data-element_type=\"container\" data-e-type=\"container\" data-settings=\"{&quot;background_background&quot;:&quot;classic&quot;}\">\n\t\t\t\t\t<div class=\"e-con-inner\">\n\t\t<div class=\"elementor-element elementor-element-dbbd6bb e-con-full e-flex e-con e-child\" data-id=\"dbbd6bb\" data-element_type=\"container\" data-e-type=\"container\">\n\t\t<div class=\"elementor-element elementor-element-c28f531 e-con-full e-flex e-con e-child\" data-id=\"c28f531\" data-element_type=\"container\" data-e-type=\"container\">\n\t\t\t\t<div class=\"elementor-element elementor-element-1383bfd elementor-widget elementor-widget-image\" data-id=\"1383bfd\" data-element_type=\"widget\" data-e-type=\"widget\" data-widget_type=\"image.default\">\n\t\t\t\t<div class=\"elementor-widget-container\">\n\t\t\t\t\t\t\t\t\t\t\t\t\t\t\t<img loading=\"lazy\" decoding=\"async\" width=\"800\" height=\"563\" src=\"http:\/\/fresque-culture-securite.fr\/wp-content\/uploads\/2025\/03\/Logo-EN-texte-blanc-copie.png\" class=\"attachment-large size-large wp-image-29228\" alt=\"\" srcset=\"https:\/\/fresque-culture-securite.fr\/wp-content\/uploads\/2025\/03\/Logo-EN-texte-blanc-copie.png 1000w, https:\/\/fresque-culture-securite.fr\/wp-content\/uploads\/2025\/03\/Logo-EN-texte-blanc-copie-300x187.png 300w, https:\/\/fresque-culture-securite.fr\/wp-content\/uploads\/2025\/03\/Logo-EN-texte-blanc-copie-768x478.png 768w, https:\/\/fresque-culture-securite.fr\/wp-content\/uploads\/2025\/03\/Logo-EN-texte-blanc-copie-18x12.png 18w\" sizes=\"auto, (max-width: 800px) 100vw, 800px\" \/>\t\t\t\t\t\t\t\t\t\t\t\t\t\t\t<\/div>\n\t\t\t\t<\/div>\n\t\t\t\t<div class=\"elementor-element elementor-element-a76dd78 elementor-widget__width-initial elementor-invisible elementor-widget elementor-widget-heading\" data-id=\"a76dd78\" data-element_type=\"widget\" data-e-type=\"widget\" data-settings=\"{&quot;_animation&quot;:&quot;fadeInUp&quot;}\" data-widget_type=\"heading.default\">\n\t\t\t\t<div class=\"elementor-widget-container\">\n\t\t\t\t\t<h1 class=\"elementor-heading-title elementor-size-default\">LEGAL<\/h1>\t\t\t\t<\/div>\n\t\t\t\t<\/div>\n\t\t\t\t<\/div>\n\t\t\t\t<\/div>\n\t\t\t\t\t<\/div>\n\t\t\t\t<\/div>\n\t\t<div class=\"elementor-element elementor-element-c0fdd13 e-flex e-con-boxed e-con e-parent\" data-id=\"c0fdd13\" data-element_type=\"container\" data-e-type=\"container\">\n\t\t\t\t\t<div class=\"e-con-inner\">\n\t\t\t\t<div class=\"elementor-element elementor-element-ef6298c elementor-widget elementor-widget-heading\" data-id=\"ef6298c\" data-element_type=\"widget\" data-e-type=\"widget\" data-widget_type=\"heading.default\">\n\t\t\t\t<div class=\"elementor-widget-container\">\n\t\t\t\t\t<h2 class=\"elementor-heading-title elementor-size-default\">This site is published by Dolfines Company<\/h2>\t\t\t\t<\/div>\n\t\t\t\t<\/div>\n\t\t\t\t<div class=\"elementor-element elementor-element-09809b4 elementor-widget elementor-widget-text-editor\" data-id=\"09809b4\" data-element_type=\"widget\" data-e-type=\"widget\" data-widget_type=\"text-editor.default\">\n\t\t\t\t<div class=\"elementor-widget-container\">\n\t\t\t\t\t\t\t\t\t<p>SAS with share capital of \u20ac29,597,132.93, registered with the Versailles Trade and Companies Register on 07-01-2000 \u2013 # B 428 745 020<\/p><p>The \u2018Fresque de la culture s\u00e9curit\u00e9\u2019 is a trademark registered with the INPI.<\/p>\t\t\t\t\t\t\t\t<\/div>\n\t\t\t\t<\/div>\n\t\t\t\t<div class=\"elementor-element elementor-element-c9e975d elementor-widget elementor-widget-heading\" data-id=\"c9e975d\" data-element_type=\"widget\" data-e-type=\"widget\" data-widget_type=\"heading.default\">\n\t\t\t\t<div class=\"elementor-widget-container\">\n\t\t\t\t\t<h2 class=\"elementor-heading-title elementor-size-default\">LEGAL INFORMATION<\/h2>\t\t\t\t<\/div>\n\t\t\t\t<\/div>\n\t\t\t\t<div class=\"elementor-element elementor-element-e8cb102 elementor-widget elementor-widget-text-editor\" data-id=\"e8cb102\" data-element_type=\"widget\" data-e-type=\"widget\" data-widget_type=\"text-editor.default\">\n\t\t\t\t<div class=\"elementor-widget-container\">\n\t\t\t\t\t\t\t\t\t<p><strong>Offices<br \/><\/strong>12 AVENUE DES PRES<br \/>78180 MONTIGNY-LE-BRETONNEUX<\/p><p>SIRET number: 42874502000019<\/p><p>Hosting : OVH, 2 rue Kellermann \u2013 59100 Roubaix \u2013 France<\/p><p>Webmaster<br \/>Vincent NOUAUX<\/p><p>E-mail : contact@dolfines.com<\/p><p>Illustration credit: logturnal on Freepik<\/p>\t\t\t\t\t\t\t\t<\/div>\n\t\t\t\t<\/div>\n\t\t\t\t\t<\/div>\n\t\t\t\t<\/div>\n\t\t\t\t<\/div>","protected":false},"excerpt":{"rendered":"<p>MENTIONS L\u00c9GALES Ce site est \u00e9dit\u00e9 par la soci\u00e9t\u00e9 Dolfines SAS au Capital social de 29 597 132,93 \u20ac, mmatricul\u00e9e au RCS de Versailles le 07-01-2000 \u2013 # B 428 745 020 La \u00ab\u00a0Fresque de la culture s\u00e9curit\u00e9\u00a0\u00bb est une marque d\u00e9pos\u00e9e aupr\u00e8s de l&rsquo;INPI. INFORMATIONS L\u00c9GALES Bureaux12 AVENUE DES PRES78180 MONTIGNY-LE-BRETONNEUX Num\u00e9ro SIRET: 42874502000019 [&hellip;]<\/p>\n","protected":false},"author":2,"featured_media":0,"parent":0,"menu_order":0,"comment_status":"closed","ping_status":"closed","template":"elementor_header_footer","meta":{"footnotes":""},"class_list":["post-30042","page","type-page","status-publish","hentry"],"_links":{"self":[{"href":"https:\/\/fresque-culture-securite.fr\/en\/wp-json\/wp\/v2\/pages\/30042","targetHints":{"allow":["GET"]}}],"collection":[{"href":"https:\/\/fresque-culture-securite.fr\/en\/wp-json\/wp\/v2\/pages"}],"about":[{"href":"https:\/\/fresque-culture-securite.fr\/en\/wp-json\/wp\/v2\/types\/page"}],"author":[{"embeddable":true,"href":"https:\/\/fresque-culture-securite.fr\/en\/wp-json\/wp\/v2\/users\/2"}],"replies":[{"embeddable":true,"href":"https:\/\/fresque-culture-securite.fr\/en\/wp-json\/wp\/v2\/comments?post=30042"}],"version-history":[{"count":16,"href":"https:\/\/fresque-culture-securite.fr\/en\/wp-json\/wp\/v2\/pages\/30042\/revisions"}],"predecessor-version":[{"id":30246,"href":"https:\/\/fresque-culture-securite.fr\/en\/wp-json\/wp\/v2\/pages\/30042\/revisions\/30246"}],"wp:attachment":[{"href":"https:\/\/fresque-culture-securite.fr\/en\/wp-json\/wp\/v2\/media?parent=30042"}],"curies":[{"name":"wp","href":"https:\/\/api.w.org\/{rel}","templated":true}]}}