{"id":30044,"date":"2024-11-06T10:27:26","date_gmt":"2024-11-06T09:27:26","guid":{"rendered":"https:\/\/sandbox05.aegide-international.com\/?page_id=30044"},"modified":"2024-11-06T11:03:49","modified_gmt":"2024-11-06T10:03:49","slug":"donnees-personnelles","status":"publish","type":"page","link":"https:\/\/fresque-culture-securite.fr\/en\/donnees-personnelles\/","title":{"rendered":"Personal Data"},"content":{"rendered":"<div data-elementor-type=\"wp-page\" data-elementor-id=\"30044\" class=\"elementor elementor-30044\" data-elementor-post-type=\"page\">\n\t\t\t\t<div class=\"elementor-element elementor-element-5f37dc2 e-flex e-con-boxed e-con e-parent\" data-id=\"5f37dc2\" data-element_type=\"container\" data-e-type=\"container\" data-settings=\"{&quot;background_background&quot;:&quot;classic&quot;}\">\n\t\t\t\t\t<div class=\"e-con-inner\">\n\t\t<div class=\"elementor-element elementor-element-b1c5483 e-con-full e-flex e-con e-child\" data-id=\"b1c5483\" data-element_type=\"container\" data-e-type=\"container\">\n\t\t<div class=\"elementor-element elementor-element-bb17f50 e-con-full e-flex e-con e-child\" data-id=\"bb17f50\" data-element_type=\"container\" data-e-type=\"container\">\n\t\t\t\t<div class=\"elementor-element elementor-element-6f0a36b elementor-widget elementor-widget-image\" data-id=\"6f0a36b\" data-element_type=\"widget\" data-e-type=\"widget\" data-widget_type=\"image.default\">\n\t\t\t\t<div class=\"elementor-widget-container\">\n\t\t\t\t\t\t\t\t\t\t\t\t\t\t\t<img loading=\"lazy\" decoding=\"async\" width=\"800\" height=\"563\" src=\"http:\/\/fresque-culture-securite.fr\/wp-content\/uploads\/2025\/03\/Logo-EN-texte-blanc-copie.png\" class=\"attachment-large size-large wp-image-29228\" alt=\"\" srcset=\"https:\/\/fresque-culture-securite.fr\/wp-content\/uploads\/2025\/03\/Logo-EN-texte-blanc-copie.png 1000w, https:\/\/fresque-culture-securite.fr\/wp-content\/uploads\/2025\/03\/Logo-EN-texte-blanc-copie-300x187.png 300w, https:\/\/fresque-culture-securite.fr\/wp-content\/uploads\/2025\/03\/Logo-EN-texte-blanc-copie-768x478.png 768w, https:\/\/fresque-culture-securite.fr\/wp-content\/uploads\/2025\/03\/Logo-EN-texte-blanc-copie-18x12.png 18w\" sizes=\"auto, (max-width: 800px) 100vw, 800px\" \/>\t\t\t\t\t\t\t\t\t\t\t\t\t\t\t<\/div>\n\t\t\t\t<\/div>\n\t\t\t\t<div class=\"elementor-element elementor-element-35b9038 elementor-widget__width-initial elementor-invisible elementor-widget elementor-widget-heading\" data-id=\"35b9038\" data-element_type=\"widget\" data-e-type=\"widget\" data-settings=\"{&quot;_animation&quot;:&quot;fadeInUp&quot;}\" data-widget_type=\"heading.default\">\n\t\t\t\t<div class=\"elementor-widget-container\">\n\t\t\t\t\t<h1 class=\"elementor-heading-title elementor-size-default\">PERSONAL DATA<\/h1>\t\t\t\t<\/div>\n\t\t\t\t<\/div>\n\t\t\t\t<\/div>\n\t\t\t\t<\/div>\n\t\t\t\t\t<\/div>\n\t\t\t\t<\/div>\n\t\t<div class=\"elementor-element elementor-element-c2561e2 e-flex e-con-boxed e-con e-parent\" data-id=\"c2561e2\" data-element_type=\"container\" data-e-type=\"container\">\n\t\t\t\t\t<div class=\"e-con-inner\">\n\t\t\t\t<div class=\"elementor-element elementor-element-80637bc elementor-widget elementor-widget-heading\" data-id=\"80637bc\" data-element_type=\"widget\" data-e-type=\"widget\" data-widget_type=\"heading.default\">\n\t\t\t\t<div class=\"elementor-widget-container\">\n\t\t\t\t\t<h2 class=\"elementor-heading-title elementor-size-default\">Dolfines is committed to respecting and protecting your personal information.<\/h2>\t\t\t\t<\/div>\n\t\t\t\t<\/div>\n\t\t\t\t<div class=\"elementor-element elementor-element-fab5f3c elementor-widget elementor-widget-text-editor\" data-id=\"fab5f3c\" data-element_type=\"widget\" data-e-type=\"widget\" data-widget_type=\"text-editor.default\">\n\t\t\t\t<div class=\"elementor-widget-container\">\n\t\t\t\t\t\t\t\t\t<p>In the course of its internal operations and its training, auditing and consultancy activities in particular, Dolfines may collect or become aware of information that is considered personal within the meaning of the General Data Protection Regulation.<\/p><p>https:\/\/www.cnil.fr\/fr\/reglement-europeen-protection-donnees<\/p><p>This so-called personal information mainly includes: surname and first name, personal and\/or professional email addresses, telephone numbers, postal addresses, this list not being exhaustive.<\/p>\t\t\t\t\t\t\t\t<\/div>\n\t\t\t\t<\/div>\n\t\t\t\t<div class=\"elementor-element elementor-element-9a81264 elementor-widget elementor-widget-heading\" data-id=\"9a81264\" data-element_type=\"widget\" data-e-type=\"widget\" data-widget_type=\"heading.default\">\n\t\t\t\t<div class=\"elementor-widget-container\">\n\t\t\t\t\t<h2 class=\"elementor-heading-title elementor-size-default\">Dolfines undertakes to respect your personal information.<\/h2>\t\t\t\t<\/div>\n\t\t\t\t<\/div>\n\t\t\t\t<div class=\"elementor-element elementor-element-7e5d844 elementor-widget elementor-widget-text-editor\" data-id=\"7e5d844\" data-element_type=\"widget\" data-e-type=\"widget\" data-widget_type=\"text-editor.default\">\n\t\t\t\t<div class=\"elementor-widget-container\">\n\t\t\t\t\t\t\t\t\t<p>To this end, we apply the following principles:<\/p><ul><li>No trading or arbitrary dissemination of your personal data,<\/li><li>Dematerialisation in order to limit and control the circulation of paper documents,<\/li><li>Prior communication of this policy to all its employees,<\/li><li>Prior communication of this policy to the companies in which Dolfines operates. Through this policy, it invites the company's management to check with its employees that they agree to the provision of personal data,<\/li><li>Signing of a confidentiality agreement between Dolfines and the consultant or auditor working in the company,<\/li><li>Application of rules for the storage of companies' personal data in a secure space accessible only by the consultant or auditor.<\/li><li>Prior notification of our data protection policy relating to our training courses when they are requested,<\/li><li>Retention of these data for a period not exceeding 3 years, after which they will be destroyed,<\/li><li>Consideration of your right to have the data deleted.<\/li><\/ul>\t\t\t\t\t\t\t\t<\/div>\n\t\t\t\t<\/div>\n\t\t\t\t<div class=\"elementor-element elementor-element-ca0fb98 elementor-widget elementor-widget-heading\" data-id=\"ca0fb98\" data-element_type=\"widget\" data-e-type=\"widget\" data-widget_type=\"heading.default\">\n\t\t\t\t<div class=\"elementor-widget-container\">\n\t\t\t\t\t<h2 class=\"elementor-heading-title elementor-size-default\">Dolfines undertakes to protect your personal information and to prevent it from being damaged, deleted or accessed by unauthorised third parties.<\/h2>\t\t\t\t<\/div>\n\t\t\t\t<\/div>\n\t\t\t\t<div class=\"elementor-element elementor-element-2d35375 elementor-widget elementor-widget-text-editor\" data-id=\"2d35375\" data-element_type=\"widget\" data-e-type=\"widget\" data-widget_type=\"text-editor.default\">\n\t\t\t\t<div class=\"elementor-widget-container\">\n\t\t\t\t\t\t\t\t\tTo this end, we deploy and maintain the following resources:\n<ul>\n \t<li>\u00a0 Secure access to our premises<\/li>\n \t<li>\u00a0 Computer access secured by passwords, anti-virus<\/li>\t\t\t\t\t\t\t\t<\/div>\n\t\t\t\t<\/div>\n\t\t\t\t<div class=\"elementor-element elementor-element-2832c32 elementor-widget elementor-widget-heading\" data-id=\"2832c32\" data-element_type=\"widget\" data-e-type=\"widget\" data-widget_type=\"heading.default\">\n\t\t\t\t<div class=\"elementor-widget-container\">\n\t\t\t\t\t<h2 class=\"elementor-heading-title elementor-size-default\">What do we use your personal data for?<\/h2>\t\t\t\t<\/div>\n\t\t\t\t<\/div>\n\t\t\t\t<div class=\"elementor-element elementor-element-8cd1de0 elementor-widget elementor-widget-text-editor\" data-id=\"8cd1de0\" data-element_type=\"widget\" data-e-type=\"widget\" data-widget_type=\"text-editor.default\">\n\t\t\t\t<div class=\"elementor-widget-container\">\n\t\t\t\t\t\t\t\t\tWithin the framework of our internal operations, this data is used for personnel administration in the broadest sense, from the recruitment of an employee to the end of a contract, including payroll management, enrolment in supplementary health insurance and the organisation of business trips.\nIn the context of our training activities, your personal data is used for training administration, from the issuing of a quote to the issuing of a certificate, including your registration...\n\nIn the context of our other activities related to auditing and consulting, we use your personal data to issue a technical and commercial offer, to draw up a service contract or a partnership contract, to organise business trips and sometimes to provide proof of compliance with a requirement during an audit.\n\n<\/div>\n<\/div>\n<\/div>\n<\/div>\t\t\t\t\t\t\t\t<\/div>\n\t\t\t\t<\/div>\n\t\t\t\t<div class=\"elementor-element elementor-element-f98bb97 elementor-widget elementor-widget-heading\" data-id=\"f98bb97\" data-element_type=\"widget\" data-e-type=\"widget\" data-widget_type=\"heading.default\">\n\t\t\t\t<div class=\"elementor-widget-container\">\n\t\t\t\t\t<h2 class=\"elementor-heading-title elementor-size-default\">A qui sommes-nous susceptibles de transmettre vos donn\u00e9es personnelles ?<\/h2>\t\t\t\t<\/div>\n\t\t\t\t<\/div>\n\t\t\t\t<div class=\"elementor-element elementor-element-68abbb6 elementor-widget elementor-widget-text-editor\" data-id=\"68abbb6\" data-element_type=\"widget\" data-e-type=\"widget\" data-widget_type=\"text-editor.default\">\n\t\t\t\t<div class=\"elementor-widget-container\">\n\t\t\t\t\t\t\t\t\tDans le cadre de notre fonctionnement interne, aux administrations sociales, fiscales, aux organismes de sant\u00e9, au cabinet d\u2019expertise comptable.\n\nDans le cadre de nos autres activit\u00e9s li\u00e9es \u00e0 l&rsquo;audit et au conseil, vos donn\u00e9es personnelles restent essentiellement en interne sauf si s\u2019il est n\u00e9cessaire d\u2019organiser des d\u00e9placements pour nos clients.\n\nConform\u00e9ment \u00e0 la loi \u00ab informatique et libert\u00e9s \u00bb du 6 janvier 1978 modifi\u00e9e et au R\u00e8glement europ\u00e9en n\u00b02016\/679\/UE du 27 avril 2016 (applicable d\u00e8s le 25 mai 2018), vous b\u00e9n\u00e9ficiez d\u2019un droit d\u2019acc\u00e8s, de rectification, de portabilit\u00e9 et d\u2019effacement de vos donn\u00e9es ou encore de limitation du traitement. Vous pouvez \u00e9galement, pour des motifs l\u00e9gitimes, vous opposer au traitement des donn\u00e9es vous concernant. Vous pouvez, sous r\u00e9serve de la production d\u2019un justificatif d\u2019identit\u00e9 valide, exercer vos droits en contactant qualite@dolfines.com.\n\nPour toute information compl\u00e9mentaire ou r\u00e9clamation, vous pouvez contacter la Commission Nationale de l\u2019Informatique et des Libert\u00e9s (plus d\u2019informations sur www.cnil.fr).\n\n<\/div>\n<\/div>\n<\/div>\n<\/div>\t\t\t\t\t\t\t\t<\/div>\n\t\t\t\t<\/div>\n\t\t\t\t\t<\/div>\n\t\t\t\t<\/div>\n\t\t\t\t<\/div>","protected":false},"excerpt":{"rendered":"<p>DONN\u00c9ES PERSONNELLES Dolfines s\u2019engage \u00e0 respecter et \u00e0 prot\u00e9ger vos informations personnelles. Dans le cadre de son fonctionnement interne, de ses activit\u00e9s de formation, d\u2019audit et de conseils notamment, Dolfines peut \u00eatre amen\u00e9e \u00e0 collecter ou prendre connaissance d\u2019informations consid\u00e9r\u00e9es pour certaines comme personnelles au sens du R\u00e8glement G\u00e9n\u00e9ral sur la Protection des Donn\u00e9es. https:\/\/www.cnil.fr\/fr\/reglement-europeen-protection-donnees [&hellip;]<\/p>\n","protected":false},"author":2,"featured_media":0,"parent":0,"menu_order":0,"comment_status":"closed","ping_status":"closed","template":"elementor_header_footer","meta":{"footnotes":""},"class_list":["post-30044","page","type-page","status-publish","hentry"],"_links":{"self":[{"href":"https:\/\/fresque-culture-securite.fr\/en\/wp-json\/wp\/v2\/pages\/30044","targetHints":{"allow":["GET"]}}],"collection":[{"href":"https:\/\/fresque-culture-securite.fr\/en\/wp-json\/wp\/v2\/pages"}],"about":[{"href":"https:\/\/fresque-culture-securite.fr\/en\/wp-json\/wp\/v2\/types\/page"}],"author":[{"embeddable":true,"href":"https:\/\/fresque-culture-securite.fr\/en\/wp-json\/wp\/v2\/users\/2"}],"replies":[{"embeddable":true,"href":"https:\/\/fresque-culture-securite.fr\/en\/wp-json\/wp\/v2\/comments?post=30044"}],"version-history":[{"count":10,"href":"https:\/\/fresque-culture-securite.fr\/en\/wp-json\/wp\/v2\/pages\/30044\/revisions"}],"predecessor-version":[{"id":30062,"href":"https:\/\/fresque-culture-securite.fr\/en\/wp-json\/wp\/v2\/pages\/30044\/revisions\/30062"}],"wp:attachment":[{"href":"https:\/\/fresque-culture-securite.fr\/en\/wp-json\/wp\/v2\/media?parent=30044"}],"curies":[{"name":"wp","href":"https:\/\/api.w.org\/{rel}","templated":true}]}}